{"id":594,"date":"2020-01-07T11:57:47","date_gmt":"2020-01-07T10:57:47","guid":{"rendered":"https:\/\/www.unfallhilfe24.org\/b2c\/?page_id=594"},"modified":"2021-08-24T10:56:02","modified_gmt":"2021-08-24T08:56:02","slug":"agb","status":"publish","type":"page","link":"https:\/\/www.unfallhilfe24.org\/b2c\/agb\/","title":{"rendered":"AGB"},"content":{"rendered":"\t\t<div data-elementor-type=\"wp-page\" data-elementor-id=\"594\" class=\"elementor elementor-594\">\n\t\t\t\t\t\t<div class=\"elementor-inner\">\n\t\t\t\t<div class=\"elementor-section-wrap\">\n\t\t\t\t\t\t\t\t\t<section class=\"elementor-section elementor-top-section elementor-element elementor-element-e8ec8d8 elementor-section-boxed elementor-section-height-default elementor-section-height-default\" data-id=\"e8ec8d8\" data-element_type=\"section\">\n\t\t\t\t\t\t<div class=\"elementor-container elementor-column-gap-default\">\n\t\t\t\t\t\t\t<div class=\"elementor-row\">\n\t\t\t\t\t<div class=\"elementor-column elementor-col-100 elementor-top-column elementor-element elementor-element-e40669e\" data-id=\"e40669e\" data-element_type=\"column\">\n\t\t\t<div class=\"elementor-column-wrap elementor-element-populated\">\n\t\t\t\t\t\t\t<div class=\"elementor-widget-wrap\">\n\t\t\t\t\t\t<div class=\"elementor-element elementor-element-b875737 elementor-widget elementor-widget-heading\" data-id=\"b875737\" data-element_type=\"widget\" data-widget_type=\"heading.default\">\n\t\t\t\t<div class=\"elementor-widget-container\">\n\t\t\t<h1 class=\"elementor-heading-title elementor-size-default\">Mandatsbedingungen und Datenschutzerkl\u00e4rung\n<\/h1>\t\t<\/div>\n\t\t\t\t<\/div>\n\t\t\t\t\t\t<\/div>\n\t\t\t\t\t<\/div>\n\t\t<\/div>\n\t\t\t\t\t\t\t\t<\/div>\n\t\t\t\t\t<\/div>\n\t\t<\/section>\n\t\t\t\t<section class=\"elementor-section elementor-top-section elementor-element elementor-element-f04aff8 elementor-section-boxed elementor-section-height-default elementor-section-height-default\" data-id=\"f04aff8\" data-element_type=\"section\">\n\t\t\t\t\t\t<div class=\"elementor-container elementor-column-gap-default\">\n\t\t\t\t\t\t\t<div class=\"elementor-row\">\n\t\t\t\t\t<div class=\"elementor-column elementor-col-100 elementor-top-column elementor-element elementor-element-7e97470\" data-id=\"7e97470\" data-element_type=\"column\">\n\t\t\t<div class=\"elementor-column-wrap elementor-element-populated\">\n\t\t\t\t\t\t\t<div class=\"elementor-widget-wrap\">\n\t\t\t\t\t\t<div class=\"elementor-element elementor-element-910a409 elementor-widget elementor-widget-text-editor\" data-id=\"910a409\" data-element_type=\"widget\" data-widget_type=\"text-editor.default\">\n\t\t\t\t<div class=\"elementor-widget-container\">\n\t\t\t\t\t\t\t\t<div class=\"elementor-text-editor elementor-clearfix\">\n\t\t\t\t<p>der<\/p><p>unfallhilfe24 Rechtsanwaltsgesellschaft mbH, vertreten durch ihren Gesch\u00e4ftsf\u00fchrer Dr. Sven Nagel, Waldstra\u00dfe 84, 04105 Leipzig<\/p><p>&#8211; nachfolgend: unfallhilfe24 oder Rechtsanw\u00e4lte &#8211;<\/p>\t\t\t\t\t<\/div>\n\t\t\t\t\t\t<\/div>\n\t\t\t\t<\/div>\n\t\t\t\t<div class=\"elementor-element elementor-element-aa493b5 elementor-widget elementor-widget-heading\" data-id=\"aa493b5\" data-element_type=\"widget\" data-widget_type=\"heading.default\">\n\t\t\t\t<div class=\"elementor-widget-container\">\n\t\t\t<h2 class=\"elementor-heading-title elementor-size-default\">A. Mandatsbedingungen<\/h2>\t\t<\/div>\n\t\t\t\t<\/div>\n\t\t\t\t<div class=\"elementor-element elementor-element-8686581 elementor-widget elementor-widget-heading\" data-id=\"8686581\" data-element_type=\"widget\" data-widget_type=\"heading.default\">\n\t\t\t\t<div class=\"elementor-widget-container\">\n\t\t\t<h3 class=\"elementor-heading-title elementor-size-default\">I. Genderklausel<\/h3>\t\t<\/div>\n\t\t\t\t<\/div>\n\t\t\t\t<div class=\"elementor-element elementor-element-384d5a7 elementor-widget elementor-widget-text-editor\" data-id=\"384d5a7\" data-element_type=\"widget\" data-widget_type=\"text-editor.default\">\n\t\t\t\t<div class=\"elementor-widget-container\">\n\t\t\t\t\t\t\t\t<div class=\"elementor-text-editor elementor-clearfix\">\n\t\t\t\t<p>Zur einfacheren Lesbarkeit werden die Begriffe Mandant\/Mandantin oder Unfallgesch\u00e4digter\/Unfallgesch\u00e4digte einheitlich in der m\u00e4nnlichen Form verwendet. Die weibliche Form ist der m\u00e4nnlichen Form gleichgestellt; lediglich aus Gr\u00fcnden der Vereinfachung wurde die m\u00e4nnliche Form verwendet.<\/p><ol><\/ol>\t\t\t\t\t<\/div>\n\t\t\t\t\t\t<\/div>\n\t\t\t\t<\/div>\n\t\t\t\t<div class=\"elementor-element elementor-element-2bda193 elementor-widget elementor-widget-heading\" data-id=\"2bda193\" data-element_type=\"widget\" data-widget_type=\"heading.default\">\n\t\t\t\t<div class=\"elementor-widget-container\">\n\t\t\t<h3 class=\"elementor-heading-title elementor-size-default\">II. Elektronischer Schriftverkehr<\/h3>\t\t<\/div>\n\t\t\t\t<\/div>\n\t\t\t\t<div class=\"elementor-element elementor-element-96518d8 elementor-widget elementor-widget-text-editor\" data-id=\"96518d8\" data-element_type=\"widget\" data-widget_type=\"text-editor.default\">\n\t\t\t\t<div class=\"elementor-widget-container\">\n\t\t\t\t\t\t\t\t<div class=\"elementor-text-editor elementor-clearfix\">\n\t\t\t\t<ol><li>Der Mandant hat in der Beauftragung der unfallhilfe24 seine Zustimmung zum elektronischen Schriftverkehr erkl\u00e4rt.<\/li><li>Der Versand und Empfang von E-Mails kann unsicher sein. Sollte z.B. Ihr elektronisches Postfach nicht hinreichend gesichert sein oder sollten Dritte ein Passwort zum Zugriff haben, k\u00f6nnen diese sich von E-Mails Kenntnis verschaffen. Bei nicht oder nicht hinreichend verschl\u00fcsseltem Versand von E-Mails k\u00f6nnen Dritte diese auch dar\u00fcber hinaus auslesen und damit vom Inhalt einer solchen E-Mail Kenntnis nehmen.<\/li><li>Mit dem Versand und Empfang elektronischer Post von und durch die Rechtsanw\u00e4lte und Mitarbeiter der unfallhilfe24 zum Zwecke der Mandatsbearbeitung und Mandatsabwicklung ist der Mandant einverstanden.<\/li><li>Der Mandant ruft sein E-Mail-Postfach regelm\u00e4\u00dfig ab.<\/li><li>Der Mandant kann diese Einwilligung jederzeit durch schriftliche oder textliche (z.B. E-Mail), m\u00fcndliche oder fernm\u00fcndliche Erkl\u00e4rung gegen\u00fcber der unfallhilfe24 f\u00fcr die Zukunft widerrufen. Der Widerruf f\u00fcr die Zukunft l\u00e4sst die Rechtm\u00e4\u00dfigkeit der Einwilligung in den E-Mail-Schriftverkehr, der bis zum Zeitpunkt des Widerrufs erfolgt ist, unber\u00fchrt.<\/li><\/ol>\t\t\t\t\t<\/div>\n\t\t\t\t\t\t<\/div>\n\t\t\t\t<\/div>\n\t\t\t\t<div class=\"elementor-element elementor-element-415655a elementor-widget elementor-widget-heading\" data-id=\"415655a\" data-element_type=\"widget\" data-widget_type=\"heading.default\">\n\t\t\t\t<div class=\"elementor-widget-container\">\n\t\t\t<h3 class=\"elementor-heading-title elementor-size-default\">III. Geldempfangsvollmacht<\/h3>\t\t<\/div>\n\t\t\t\t<\/div>\n\t\t\t\t<div class=\"elementor-element elementor-element-33c6369 elementor-widget elementor-widget-text-editor\" data-id=\"33c6369\" data-element_type=\"widget\" data-widget_type=\"text-editor.default\">\n\t\t\t\t<div class=\"elementor-widget-container\">\n\t\t\t\t\t\t\t\t<div class=\"elementor-text-editor elementor-clearfix\">\n\t\t\t\t<p>Um Abgleich zwischen geforderten und erhaltenen Zahlungen leisten zu k\u00f6nnen, laufen alle Regulierungen zuerst \u00fcber die speziell daf\u00fcr bereitgestellten Sicherheitskonten der unfallhilfe24. Die Vollmacht umfasst daher ausdr\u00fccklich, Geld und Geldwerte f\u00fcr den Mandanten auf die hierf\u00fcr eingerichteten Anderkonten zu empfangen.<\/p>\t\t\t\t\t<\/div>\n\t\t\t\t\t\t<\/div>\n\t\t\t\t<\/div>\n\t\t\t\t<div class=\"elementor-element elementor-element-40d6e40 elementor-widget elementor-widget-heading\" data-id=\"40d6e40\" data-element_type=\"widget\" data-widget_type=\"heading.default\">\n\t\t\t\t<div class=\"elementor-widget-container\">\n\t\t\t<h3 class=\"elementor-heading-title elementor-size-default\">IV. Daten\u00fcbermittlung an Dritte<\/h3>\t\t<\/div>\n\t\t\t\t<\/div>\n\t\t\t\t<div class=\"elementor-element elementor-element-aceb362 elementor-widget elementor-widget-text-editor\" data-id=\"aceb362\" data-element_type=\"widget\" data-widget_type=\"text-editor.default\">\n\t\t\t\t<div class=\"elementor-widget-container\">\n\t\t\t\t\t\t\t\t<div class=\"elementor-text-editor elementor-clearfix\">\n\t\t\t\t<ol><li>Der Mandant hat sich in der Beauftragung der unfallhilfe24 damit einverstanden erkl\u00e4rt, dass die unfallhilfe24 im Zusammenhang mit dem Mandatsauftrag stehende Daten (z. B. Angaben zum Unfallort und -hergang, Kontaktdaten, Kennzeichen und sonstige KFZ-Daten von Unfallgesch\u00e4digten und Unfallgegnern) zum Zweck der Unfallregulierung nach gesetzlichen Vorschriften erhebt, speichert, weiterverarbeitet und an Dritte weitergibt.<\/li><li>Dritte im Sinne des Absatz I sind insbesondere <br \/>&#8211; die jeweils zust\u00e4ndige Rechtsschutzversicherung<br \/>&#8211; die KFZ-Haftpflicht und -Kasko-Versicherung(en)<br \/>&#8211; sonstige privatgesetzliche Versicherungen, die mandatsbezogen mit der Abwicklung von Anspr\u00fcchen betraut sind oder mandatsbezogene \u00a0 \u00a0Anspr\u00fcche geltend machen:<br \/>&#8211; die anwaltliche Verm\u00f6genshaftpflichtversicherung<br \/>&#8211; Beh\u00f6rden<br \/>&#8211; Tr\u00e4ger der Sozialversicherung<br \/>&#8211; \u00c4rzte \/ Krankenh\u00e4user \/ Krankenkassen<br \/>&#8211; ggf. benannte Zeugen<br \/>&#8211; Sachverst\u00e4ndige<br \/>&#8211; Autoh\u00e4user<br \/>&#8211; Werkst\u00e4tten<br \/>&#8211; Abschleppunternehmen<br \/>&#8211; Mietwagenunternehmen<\/li><li>Wenn und soweit im Rahmen f\u00fcr die Mandatsf\u00fchrung notwendig, ist der Mandant w\u00e4hrend und auch nach Beendigung des Mandats &#8211; bei notwendiger Wartung der EDV Anlage der unfallhilfe24 &#8211; mit der Weitergabe der Daten an die Wartungsperson einverstanden. Dies gilt nur, wenn dies technisch unvermeidlich ist, und wenn das ausf\u00fchrende EDV-Unternehmen und dessen Mitarbeiter zum Datenschutz und zur Vertraulichkeit besonders verpflichtet sind.<\/li><li>Gleiches wie in Absatz 3. gilt zur \u00dcberpr\u00fcfung des Qualit\u00e4tsstandards der unfallhilfe24 durch eine zertifizierende Person (QM-Zertifizierung), sofern das zertifizierende Unternehmen und dessen Mitarbeiter zum Datenschutz und zur Vertraulichkeit besonders verpflichtet sind.<\/li><li>Der Mandant kann die Einwilligung jederzeit durch schriftliche oder textliche (z. B. E-Mail), m\u00fcndliche oder fernm\u00fcndliche Erkl\u00e4rung gegen\u00fcber der unfallhilfe24 f\u00fcr die Zukunft jederzeit widerrufen. Der Widerruf f\u00fcr die Zukunft l\u00e4sst die Rechtm\u00e4\u00dfigkeit der Einwilligung in den E-Mail Schriftverkehr, der bis zum Zeitpunkt des Widerrufs erfolgt ist, unber\u00fchrt.<\/li><\/ol>\t\t\t\t\t<\/div>\n\t\t\t\t\t\t<\/div>\n\t\t\t\t<\/div>\n\t\t\t\t<div class=\"elementor-element elementor-element-06591ac elementor-widget elementor-widget-text-editor\" data-id=\"06591ac\" data-element_type=\"widget\" data-widget_type=\"text-editor.default\">\n\t\t\t\t<div class=\"elementor-widget-container\">\n\t\t\t\t\t\t\t\t<div class=\"elementor-text-editor elementor-clearfix\">\n\t\t\t\t\t\t\t\t\t<\/div>\n\t\t\t\t\t\t<\/div>\n\t\t\t\t<\/div>\n\t\t\t\t\t\t<\/div>\n\t\t\t\t\t<\/div>\n\t\t<\/div>\n\t\t\t\t\t\t\t\t<\/div>\n\t\t\t\t\t<\/div>\n\t\t<\/section>\n\t\t\t\t<section class=\"elementor-section elementor-top-section elementor-element elementor-element-d3383be elementor-section-boxed elementor-section-height-default elementor-section-height-default\" data-id=\"d3383be\" data-element_type=\"section\">\n\t\t\t\t\t\t<div class=\"elementor-container elementor-column-gap-default\">\n\t\t\t\t\t\t\t<div class=\"elementor-row\">\n\t\t\t\t\t<div class=\"elementor-column elementor-col-100 elementor-top-column elementor-element elementor-element-9812f0d\" data-id=\"9812f0d\" data-element_type=\"column\">\n\t\t\t<div class=\"elementor-column-wrap elementor-element-populated\">\n\t\t\t\t\t\t\t<div class=\"elementor-widget-wrap\">\n\t\t\t\t\t\t<div class=\"elementor-element elementor-element-468096e elementor-widget elementor-widget-spacer\" data-id=\"468096e\" data-element_type=\"widget\" data-widget_type=\"spacer.default\">\n\t\t\t\t<div class=\"elementor-widget-container\">\n\t\t\t\t\t<div class=\"elementor-spacer\">\n\t\t\t<div class=\"elementor-spacer-inner\"><\/div>\n\t\t<\/div>\n\t\t\t\t<\/div>\n\t\t\t\t<\/div>\n\t\t\t\t<div class=\"elementor-element elementor-element-f21296f elementor-widget elementor-widget-heading\" data-id=\"f21296f\" data-element_type=\"widget\" data-widget_type=\"heading.default\">\n\t\t\t\t<div class=\"elementor-widget-container\">\n\t\t\t<h2 class=\"elementor-heading-title elementor-size-default\">B. Datenschutzerkl\u00e4rung der unfallhilfe24<\/h2>\t\t<\/div>\n\t\t\t\t<\/div>\n\t\t\t\t<div class=\"elementor-element elementor-element-ec652e8 elementor-widget elementor-widget-text-editor\" data-id=\"ec652e8\" data-element_type=\"widget\" data-widget_type=\"text-editor.default\">\n\t\t\t\t<div class=\"elementor-widget-container\">\n\t\t\t\t\t\t\t\t<div class=\"elementor-text-editor elementor-clearfix\">\n\t\t\t\t<p>Die verantwortliche Stelle f\u00fcr die Verarbeitung der personenbezogenen Daten ist die Kanzlei unfallhilfe24 Rechtsanwaltsgesellschaft mbH.<br>Tel: 0341\/99996750<br>E-Mail: info@unfallhilfe24.org<\/p>\n<p>Der Datenschutzbeauftragte unserer Kanzlei ist erreichbar unter:<br>Tel: 0341\/99996750<br>E-Mail: info@unfallhilfe24.org<\/p>\n<p>Verarbeitet werden zum Zwecke der Vertragserf\u00fcllung und Mandatsbearbeitung unter anderen die folgenden personenbezogenen Daten: Name, Anschrift und elektronische Kontaktdaten des Mandanten und der Beteiligten, Daten zum Sachverhalt. Die Bearbeitung erfolgt auf Grundlage 86 b) EU-DGSVO. Im Rahmen der Mandatsbearbeitung werden die Daten an Dritte \u00fcbermittelt, insbesondere Gegner, Gerichte und Beh\u00f6rden, Kreditinstitute, Versicherungen, Post- und Telekommunikationsdienstleister, Inkassounternehmen. Soweit f\u00fcr die Mandatsbearbeitung erforderlich, erfolgt auch eine \u00dcbermittlung von personenbezogenen Daten an ein Drittland oder internationale Organisationen. Die Daten werden gespeichert gem. \u00a7 50 BRAO bis sechs Jahre nach Ende der Mandatsbearbeitung (Ablauf des Kalenderjahres). Bei steuerlich relevanten Daten erfolgt zur Erf\u00fcllung gesetzlicher Aufbewahrungspflichten eine Speicherung bis zum Ablauf der gesetzlich vorgeschriebenen Aufbewahrungsfristen.<br>Sie haben gem. \u00a7 15 ff. EU-DSGVO die Rechte auf Auskunft, Berichtigung, L\u00f6schung, Einschr\u00e4nkung der Verarbeitung ihrer personenbezogenen Daten, sowie das Recht auf Daten\u00fcbertragbarkeit und das Widerspruchsrecht \u00a7 21 EU-DSGVO. Soweit besondere personenbezogenene Daten auf Grundlage ihrer Einwilligung verarbeitet werden, k\u00f6nnen sie ihre Einwilligung hierzu jederzeit widerrufen. Zur Wahrnehmung dieser Rechte wenden sie sich an den o.g. Verantwortlichen.<br>Gem. Art 77 EU-DSGVO besteht ein Recht der Beschwerde bei den zust\u00e4ndigen Aufsichtsbeh\u00f6rden. Dies sind die f\u00fcr unseren Sitz oder an ihrem Wohnort zust\u00e4ndigen Landesdatenschutzbeh\u00f6rden.<\/p>\t\t\t\t\t<\/div>\n\t\t\t\t\t\t<\/div>\n\t\t\t\t<\/div>\n\t\t\t\t\t\t<\/div>\n\t\t\t\t\t<\/div>\n\t\t<\/div>\n\t\t\t\t\t\t\t\t<\/div>\n\t\t\t\t\t<\/div>\n\t\t<\/section>\n\t\t\t\t\t\t\t\t\t<\/div>\n\t\t\t<\/div>\n\t\t\t\t\t<\/div>\n\t\t","protected":false},"excerpt":{"rendered":"<p>Mandatsbedingungen und Datenschutzerkl\u00e4rung der unfallhilfe24 Rechtsanwaltsgesellschaft mbH, vertreten durch ihren Gesch\u00e4ftsf\u00fchrer Dr. Sven Nagel, Waldstra\u00dfe 84, 04105 Leipzig &#8211; nachfolgend: unfallhilfe24 oder Rechtsanw\u00e4lte &#8211; A. Mandatsbedingungen I. Genderklausel Zur einfacheren Lesbarkeit werden die Begriffe Mandant\/Mandantin oder Unfallgesch\u00e4digter\/Unfallgesch\u00e4digte einheitlich in der m\u00e4nnlichen Form verwendet. Die weibliche Form ist der m\u00e4nnlichen Form gleichgestellt; lediglich aus Gr\u00fcnden der [&hellip;]<\/p>\n","protected":false},"author":4,"featured_media":0,"parent":0,"menu_order":10,"comment_status":"closed","ping_status":"closed","template":"","meta":[],"yoast_head":"<!-- This site is optimized with the Yoast SEO plugin v20.1 - https:\/\/yoast.com\/wordpress\/plugins\/seo\/ -->\n<title>AGB - unfallhilfe24<\/title>\n<meta name=\"robots\" content=\"index, follow, max-snippet:-1, max-image-preview:large, max-video-preview:-1\" \/>\n<link rel=\"canonical\" href=\"https:\/\/www.unfallhilfe24.org\/b2c\/agb\/\" \/>\n<meta property=\"og:locale\" content=\"de_DE\" \/>\n<meta property=\"og:type\" content=\"article\" \/>\n<meta property=\"og:title\" content=\"AGB - unfallhilfe24\" \/>\n<meta property=\"og:description\" content=\"Mandatsbedingungen und Datenschutzerkl\u00e4rung der unfallhilfe24 Rechtsanwaltsgesellschaft mbH, vertreten durch ihren Gesch\u00e4ftsf\u00fchrer Dr. Sven Nagel, Waldstra\u00dfe 84, 04105 Leipzig &#8211; nachfolgend: unfallhilfe24 oder Rechtsanw\u00e4lte &#8211; A. Mandatsbedingungen I. Genderklausel Zur einfacheren Lesbarkeit werden die Begriffe Mandant\/Mandantin oder Unfallgesch\u00e4digter\/Unfallgesch\u00e4digte einheitlich in der m\u00e4nnlichen Form verwendet. Die weibliche Form ist der m\u00e4nnlichen Form gleichgestellt; lediglich aus Gr\u00fcnden der [&hellip;]\" \/>\n<meta property=\"og:url\" content=\"https:\/\/www.unfallhilfe24.org\/b2c\/agb\/\" \/>\n<meta property=\"og:site_name\" content=\"unfallhilfe24\" \/>\n<meta property=\"article:modified_time\" content=\"2021-08-24T08:56:02+00:00\" \/>\n<meta name=\"twitter:card\" content=\"summary_large_image\" \/>\n<meta name=\"twitter:label1\" content=\"Gesch\u00e4tzte Lesezeit\" \/>\n\t<meta name=\"twitter:data1\" content=\"4\u00a0Minuten\" \/>\n<script type=\"application\/ld+json\" class=\"yoast-schema-graph\">{\"@context\":\"https:\/\/schema.org\",\"@graph\":[{\"@type\":\"WebPage\",\"@id\":\"https:\/\/www.unfallhilfe24.org\/b2c\/agb\/\",\"url\":\"https:\/\/www.unfallhilfe24.org\/b2c\/agb\/\",\"name\":\"AGB - unfallhilfe24\",\"isPartOf\":{\"@id\":\"https:\/\/www.unfallhilfe24.org\/b2c\/#website\"},\"datePublished\":\"2020-01-07T10:57:47+00:00\",\"dateModified\":\"2021-08-24T08:56:02+00:00\",\"breadcrumb\":{\"@id\":\"https:\/\/www.unfallhilfe24.org\/b2c\/agb\/#breadcrumb\"},\"inLanguage\":\"de\",\"potentialAction\":[{\"@type\":\"ReadAction\",\"target\":[\"https:\/\/www.unfallhilfe24.org\/b2c\/agb\/\"]}]},{\"@type\":\"BreadcrumbList\",\"@id\":\"https:\/\/www.unfallhilfe24.org\/b2c\/agb\/#breadcrumb\",\"itemListElement\":[{\"@type\":\"ListItem\",\"position\":1,\"name\":\"Startseite\",\"item\":\"https:\/\/www.unfallhilfe24.org\/b2c\/\"},{\"@type\":\"ListItem\",\"position\":2,\"name\":\"AGB\"}]},{\"@type\":\"WebSite\",\"@id\":\"https:\/\/www.unfallhilfe24.org\/b2c\/#website\",\"url\":\"https:\/\/www.unfallhilfe24.org\/b2c\/\",\"name\":\"unfallhilfe24\",\"description\":\"Wir bringen es in Ordnung\",\"publisher\":{\"@id\":\"https:\/\/www.unfallhilfe24.org\/b2c\/#organization\"},\"potentialAction\":[{\"@type\":\"SearchAction\",\"target\":{\"@type\":\"EntryPoint\",\"urlTemplate\":\"https:\/\/www.unfallhilfe24.org\/b2c\/?s={search_term_string}\"},\"query-input\":\"required name=search_term_string\"}],\"inLanguage\":\"de\"},{\"@type\":\"Organization\",\"@id\":\"https:\/\/www.unfallhilfe24.org\/b2c\/#organization\",\"name\":\"unfallhilfe24\",\"url\":\"https:\/\/www.unfallhilfe24.org\/b2c\/\",\"logo\":{\"@type\":\"ImageObject\",\"inLanguage\":\"de\",\"@id\":\"https:\/\/www.unfallhilfe24.org\/b2c\/#\/schema\/logo\/image\/\",\"url\":\"https:\/\/www.unfallhilfe24.org\/b2c\/wp-content\/uploads\/2020\/01\/cropped-logo_unfallhilfe24_350px-weiss-1.png\",\"contentUrl\":\"https:\/\/www.unfallhilfe24.org\/b2c\/wp-content\/uploads\/2020\/01\/cropped-logo_unfallhilfe24_350px-weiss-1.png\",\"width\":350,\"height\":105,\"caption\":\"unfallhilfe24\"},\"image\":{\"@id\":\"https:\/\/www.unfallhilfe24.org\/b2c\/#\/schema\/logo\/image\/\"}}]}<\/script>\n<!-- \/ Yoast SEO plugin. -->","yoast_head_json":{"title":"AGB - unfallhilfe24","robots":{"index":"index","follow":"follow","max-snippet":"max-snippet:-1","max-image-preview":"max-image-preview:large","max-video-preview":"max-video-preview:-1"},"canonical":"https:\/\/www.unfallhilfe24.org\/b2c\/agb\/","og_locale":"de_DE","og_type":"article","og_title":"AGB - unfallhilfe24","og_description":"Mandatsbedingungen und Datenschutzerkl\u00e4rung der unfallhilfe24 Rechtsanwaltsgesellschaft mbH, vertreten durch ihren Gesch\u00e4ftsf\u00fchrer Dr. Sven Nagel, Waldstra\u00dfe 84, 04105 Leipzig &#8211; nachfolgend: unfallhilfe24 oder Rechtsanw\u00e4lte &#8211; A. Mandatsbedingungen I. Genderklausel Zur einfacheren Lesbarkeit werden die Begriffe Mandant\/Mandantin oder Unfallgesch\u00e4digter\/Unfallgesch\u00e4digte einheitlich in der m\u00e4nnlichen Form verwendet. Die weibliche Form ist der m\u00e4nnlichen Form gleichgestellt; lediglich aus Gr\u00fcnden der [&hellip;]","og_url":"https:\/\/www.unfallhilfe24.org\/b2c\/agb\/","og_site_name":"unfallhilfe24","article_modified_time":"2021-08-24T08:56:02+00:00","twitter_card":"summary_large_image","twitter_misc":{"Gesch\u00e4tzte Lesezeit":"4\u00a0Minuten"},"schema":{"@context":"https:\/\/schema.org","@graph":[{"@type":"WebPage","@id":"https:\/\/www.unfallhilfe24.org\/b2c\/agb\/","url":"https:\/\/www.unfallhilfe24.org\/b2c\/agb\/","name":"AGB - unfallhilfe24","isPartOf":{"@id":"https:\/\/www.unfallhilfe24.org\/b2c\/#website"},"datePublished":"2020-01-07T10:57:47+00:00","dateModified":"2021-08-24T08:56:02+00:00","breadcrumb":{"@id":"https:\/\/www.unfallhilfe24.org\/b2c\/agb\/#breadcrumb"},"inLanguage":"de","potentialAction":[{"@type":"ReadAction","target":["https:\/\/www.unfallhilfe24.org\/b2c\/agb\/"]}]},{"@type":"BreadcrumbList","@id":"https:\/\/www.unfallhilfe24.org\/b2c\/agb\/#breadcrumb","itemListElement":[{"@type":"ListItem","position":1,"name":"Startseite","item":"https:\/\/www.unfallhilfe24.org\/b2c\/"},{"@type":"ListItem","position":2,"name":"AGB"}]},{"@type":"WebSite","@id":"https:\/\/www.unfallhilfe24.org\/b2c\/#website","url":"https:\/\/www.unfallhilfe24.org\/b2c\/","name":"unfallhilfe24","description":"Wir bringen es in Ordnung","publisher":{"@id":"https:\/\/www.unfallhilfe24.org\/b2c\/#organization"},"potentialAction":[{"@type":"SearchAction","target":{"@type":"EntryPoint","urlTemplate":"https:\/\/www.unfallhilfe24.org\/b2c\/?s={search_term_string}"},"query-input":"required name=search_term_string"}],"inLanguage":"de"},{"@type":"Organization","@id":"https:\/\/www.unfallhilfe24.org\/b2c\/#organization","name":"unfallhilfe24","url":"https:\/\/www.unfallhilfe24.org\/b2c\/","logo":{"@type":"ImageObject","inLanguage":"de","@id":"https:\/\/www.unfallhilfe24.org\/b2c\/#\/schema\/logo\/image\/","url":"https:\/\/www.unfallhilfe24.org\/b2c\/wp-content\/uploads\/2020\/01\/cropped-logo_unfallhilfe24_350px-weiss-1.png","contentUrl":"https:\/\/www.unfallhilfe24.org\/b2c\/wp-content\/uploads\/2020\/01\/cropped-logo_unfallhilfe24_350px-weiss-1.png","width":350,"height":105,"caption":"unfallhilfe24"},"image":{"@id":"https:\/\/www.unfallhilfe24.org\/b2c\/#\/schema\/logo\/image\/"}}]}},"_links":{"self":[{"href":"https:\/\/www.unfallhilfe24.org\/b2c\/wp-json\/wp\/v2\/pages\/594"}],"collection":[{"href":"https:\/\/www.unfallhilfe24.org\/b2c\/wp-json\/wp\/v2\/pages"}],"about":[{"href":"https:\/\/www.unfallhilfe24.org\/b2c\/wp-json\/wp\/v2\/types\/page"}],"author":[{"embeddable":true,"href":"https:\/\/www.unfallhilfe24.org\/b2c\/wp-json\/wp\/v2\/users\/4"}],"replies":[{"embeddable":true,"href":"https:\/\/www.unfallhilfe24.org\/b2c\/wp-json\/wp\/v2\/comments?post=594"}],"version-history":[{"count":12,"href":"https:\/\/www.unfallhilfe24.org\/b2c\/wp-json\/wp\/v2\/pages\/594\/revisions"}],"predecessor-version":[{"id":1348,"href":"https:\/\/www.unfallhilfe24.org\/b2c\/wp-json\/wp\/v2\/pages\/594\/revisions\/1348"}],"wp:attachment":[{"href":"https:\/\/www.unfallhilfe24.org\/b2c\/wp-json\/wp\/v2\/media?parent=594"}],"curies":[{"name":"wp","href":"https:\/\/api.w.org\/{rel}","templated":true}]}}